{"id":342,"date":"2013-05-28T12:16:44","date_gmt":"2013-05-28T12:16:44","guid":{"rendered":"https:\/\/www.cehemise.es\/?page_id=342"},"modified":"2013-05-28T12:16:44","modified_gmt":"2013-05-28T12:16:44","slug":"des-batiments-industriels","status":"publish","type":"page","link":"https:\/\/www.cehemise.es\/fr\/des-batiments-industriels\/","title":{"rendered":"DES B\u00c2TIMENTS INDUSTRIELS"},"content":{"rendered":"<p>Chez Cehemise, nous b\u00e9n\u00e9ficions d&#8217;une grande exp\u00e9rience dans ce type d&#8217;installations.<\/p>\n<p>Nous offrons des solutions sp\u00e9cifiques \u00e0 chaque besoin, en collaborant avec nos propres cabinets d&#8217;ing\u00e9nierie pour l&#8217;optimisation et la s\u00e9lection de la structure ad\u00e9quate pour chaque type d&#8217;industrie\u00a0: chambres froides et tunnels de cong\u00e9lation, aspirations de gaz, ponts roulants, fosses de travail, fondations sp\u00e9ciales, air comprim\u00e9, gaz, chaufferie, installations hydrauliques, etc.<\/p>\n","protected":false},"excerpt":{"rendered":"<p>Chez Cehemise, nous b\u00e9n\u00e9ficions d&#8217;une grande exp\u00e9rience dans ce type d&#8217;installations. Nous offrons des solutions sp\u00e9cifiques \u00e0 chaque besoin, en collaborant avec nos propres cabinets d&#8217;ing\u00e9nierie pour l&#8217;optimisation et la s\u00e9lection de la structure ad\u00e9quate pour chaque type d&#8217;industrie\u00a0: chambres froides et tunnels de cong\u00e9lation, aspirations de gaz, ponts roulants, fosses de travail, fondations sp\u00e9ciales, [&hellip;]<\/p>\n","protected":false},"author":1,"featured_media":0,"parent":0,"menu_order":0,"comment_status":"open","ping_status":"closed","template":"page-construcciones-industriales.php","meta":{"footnotes":""},"class_list":["post-342","page","type-page","status-publish","hentry"],"aioseo_notices":[],"_links":{"self":[{"href":"https:\/\/www.cehemise.es\/fr\/wp-json\/wp\/v2\/pages\/342","targetHints":{"allow":["GET"]}}],"collection":[{"href":"https:\/\/www.cehemise.es\/fr\/wp-json\/wp\/v2\/pages"}],"about":[{"href":"https:\/\/www.cehemise.es\/fr\/wp-json\/wp\/v2\/types\/page"}],"author":[{"embeddable":true,"href":"https:\/\/www.cehemise.es\/fr\/wp-json\/wp\/v2\/users\/1"}],"replies":[{"embeddable":true,"href":"https:\/\/www.cehemise.es\/fr\/wp-json\/wp\/v2\/comments?post=342"}],"version-history":[{"count":1,"href":"https:\/\/www.cehemise.es\/fr\/wp-json\/wp\/v2\/pages\/342\/revisions"}],"predecessor-version":[{"id":343,"href":"https:\/\/www.cehemise.es\/fr\/wp-json\/wp\/v2\/pages\/342\/revisions\/343"}],"wp:attachment":[{"href":"https:\/\/www.cehemise.es\/fr\/wp-json\/wp\/v2\/media?parent=342"}],"curies":[{"name":"wp","href":"https:\/\/api.w.org\/{rel}","templated":true}]}}