{"id":347,"date":"2013-05-28T12:18:42","date_gmt":"2013-05-28T12:18:42","guid":{"rendered":"https:\/\/www.cehemise.es\/?page_id=347"},"modified":"2013-05-28T12:18:42","modified_gmt":"2013-05-28T12:18:42","slug":"des-fondations","status":"publish","type":"page","link":"https:\/\/www.cehemise.es\/fr\/des-batiments-industriels\/des-fondations\/","title":{"rendered":"DES FONDATIONS"},"content":{"rendered":"<p>Nous r\u00e9alisons les fondations les plus appropri\u00e9es pour chaque type de chantier. Des fondations communes avec des traverses et des semelles, des fondations sp\u00e9ciales avec des pieux, en palplanches, avec des contreforts.<\/p>\n","protected":false},"excerpt":{"rendered":"<p>Nous r\u00e9alisons les fondations les plus appropri\u00e9es pour chaque type de chantier. Des fondations communes avec des traverses et des semelles, des fondations sp\u00e9ciales avec des pieux, en palplanches, avec des contreforts.<\/p>\n","protected":false},"author":1,"featured_media":0,"parent":342,"menu_order":0,"comment_status":"open","ping_status":"closed","template":"page-cimentaciones.php","meta":{"footnotes":""},"class_list":["post-347","page","type-page","status-publish","hentry"],"aioseo_notices":[],"_links":{"self":[{"href":"https:\/\/www.cehemise.es\/fr\/wp-json\/wp\/v2\/pages\/347","targetHints":{"allow":["GET"]}}],"collection":[{"href":"https:\/\/www.cehemise.es\/fr\/wp-json\/wp\/v2\/pages"}],"about":[{"href":"https:\/\/www.cehemise.es\/fr\/wp-json\/wp\/v2\/types\/page"}],"author":[{"embeddable":true,"href":"https:\/\/www.cehemise.es\/fr\/wp-json\/wp\/v2\/users\/1"}],"replies":[{"embeddable":true,"href":"https:\/\/www.cehemise.es\/fr\/wp-json\/wp\/v2\/comments?post=347"}],"version-history":[{"count":1,"href":"https:\/\/www.cehemise.es\/fr\/wp-json\/wp\/v2\/pages\/347\/revisions"}],"predecessor-version":[{"id":348,"href":"https:\/\/www.cehemise.es\/fr\/wp-json\/wp\/v2\/pages\/347\/revisions\/348"}],"up":[{"embeddable":true,"href":"https:\/\/www.cehemise.es\/fr\/wp-json\/wp\/v2\/pages\/342"}],"wp:attachment":[{"href":"https:\/\/www.cehemise.es\/fr\/wp-json\/wp\/v2\/media?parent=347"}],"curies":[{"name":"wp","href":"https:\/\/api.w.org\/{rel}","templated":true}]}}