{"id":352,"date":"2013-05-28T12:20:51","date_gmt":"2013-05-28T12:20:51","guid":{"rendered":"https:\/\/www.cehemise.es\/?page_id=352"},"modified":"2013-05-28T12:20:51","modified_gmt":"2013-05-28T12:20:51","slug":"toits-et-bardages","status":"publish","type":"page","link":"https:\/\/www.cehemise.es\/fr\/des-batiments-industriels\/toits-et-bardages\/","title":{"rendered":"TOITS ET BARDAGES"},"content":{"rendered":"<p>Nous travaillons avec des toits et des bardages depuis les \u00e9l\u00e9ments standards du march\u00e9 aux plus sophistiqu\u00e9s dans leurs d\u00e9tails et leurs finitions.<\/p>\n","protected":false},"excerpt":{"rendered":"<p>Nous travaillons avec des toits et des bardages depuis les \u00e9l\u00e9ments standards du march\u00e9 aux plus sophistiqu\u00e9s dans leurs d\u00e9tails et leurs finitions.<\/p>\n","protected":false},"author":1,"featured_media":0,"parent":342,"menu_order":0,"comment_status":"open","ping_status":"open","template":"page-cubiertas.php","meta":{"footnotes":""},"class_list":["post-352","page","type-page","status-publish","hentry"],"aioseo_notices":[],"_links":{"self":[{"href":"https:\/\/www.cehemise.es\/fr\/wp-json\/wp\/v2\/pages\/352","targetHints":{"allow":["GET"]}}],"collection":[{"href":"https:\/\/www.cehemise.es\/fr\/wp-json\/wp\/v2\/pages"}],"about":[{"href":"https:\/\/www.cehemise.es\/fr\/wp-json\/wp\/v2\/types\/page"}],"author":[{"embeddable":true,"href":"https:\/\/www.cehemise.es\/fr\/wp-json\/wp\/v2\/users\/1"}],"replies":[{"embeddable":true,"href":"https:\/\/www.cehemise.es\/fr\/wp-json\/wp\/v2\/comments?post=352"}],"version-history":[{"count":1,"href":"https:\/\/www.cehemise.es\/fr\/wp-json\/wp\/v2\/pages\/352\/revisions"}],"predecessor-version":[{"id":353,"href":"https:\/\/www.cehemise.es\/fr\/wp-json\/wp\/v2\/pages\/352\/revisions\/353"}],"up":[{"embeddable":true,"href":"https:\/\/www.cehemise.es\/fr\/wp-json\/wp\/v2\/pages\/342"}],"wp:attachment":[{"href":"https:\/\/www.cehemise.es\/fr\/wp-json\/wp\/v2\/media?parent=352"}],"curies":[{"name":"wp","href":"https:\/\/api.w.org\/{rel}","templated":true}]}}