{"id":364,"date":"2013-05-28T15:43:21","date_gmt":"2013-05-28T15:43:21","guid":{"rendered":"https:\/\/www.cehemise.es\/?page_id=364"},"modified":"2013-05-28T15:43:21","modified_gmt":"2013-05-28T15:43:21","slug":"travaux-specifiques","status":"publish","type":"page","link":"https:\/\/www.cehemise.es\/fr\/des-batiments-industriels\/travaux-specifiques\/","title":{"rendered":"TRAVAUX SP\u00c9CIFIQUES"},"content":{"rendered":"<p>Nous sommes habilit\u00e9s pour r\u00e9aliser des travaux sp\u00e9cifiques aupr\u00e8s de grandes compagnies \u00e9lectriques, p\u00e9troli\u00e8res et du registre RERA (entreprises risque amiante) pour des travaux de d\u00e9samiantage.<\/p>\n","protected":false},"excerpt":{"rendered":"<p>Nous sommes habilit\u00e9s pour r\u00e9aliser des travaux sp\u00e9cifiques aupr\u00e8s de grandes compagnies \u00e9lectriques, p\u00e9troli\u00e8res et du registre RERA (entreprises risque amiante) pour des travaux de d\u00e9samiantage.<\/p>\n","protected":false},"author":1,"featured_media":0,"parent":342,"menu_order":0,"comment_status":"open","ping_status":"open","template":"page-especiales.php","meta":{"footnotes":""},"class_list":["post-364","page","type-page","status-publish","hentry"],"aioseo_notices":[],"_links":{"self":[{"href":"https:\/\/www.cehemise.es\/fr\/wp-json\/wp\/v2\/pages\/364","targetHints":{"allow":["GET"]}}],"collection":[{"href":"https:\/\/www.cehemise.es\/fr\/wp-json\/wp\/v2\/pages"}],"about":[{"href":"https:\/\/www.cehemise.es\/fr\/wp-json\/wp\/v2\/types\/page"}],"author":[{"embeddable":true,"href":"https:\/\/www.cehemise.es\/fr\/wp-json\/wp\/v2\/users\/1"}],"replies":[{"embeddable":true,"href":"https:\/\/www.cehemise.es\/fr\/wp-json\/wp\/v2\/comments?post=364"}],"version-history":[{"count":1,"href":"https:\/\/www.cehemise.es\/fr\/wp-json\/wp\/v2\/pages\/364\/revisions"}],"predecessor-version":[{"id":365,"href":"https:\/\/www.cehemise.es\/fr\/wp-json\/wp\/v2\/pages\/364\/revisions\/365"}],"up":[{"embeddable":true,"href":"https:\/\/www.cehemise.es\/fr\/wp-json\/wp\/v2\/pages\/342"}],"wp:attachment":[{"href":"https:\/\/www.cehemise.es\/fr\/wp-json\/wp\/v2\/media?parent=364"}],"curies":[{"name":"wp","href":"https:\/\/api.w.org\/{rel}","templated":true}]}}