{"id":368,"date":"2013-05-28T15:44:39","date_gmt":"2013-05-28T15:44:39","guid":{"rendered":"https:\/\/www.cehemise.es\/?page_id=368"},"modified":"2013-05-30T10:28:30","modified_gmt":"2013-05-30T10:28:30","slug":"constructions-petroliferes","status":"publish","type":"page","link":"https:\/\/www.cehemise.es\/fr\/constructions-petroliferes\/","title":{"rendered":"CONSTRUCTIONS P\u00c9TROLIF\u00c8RES"},"content":{"rendered":"<p>Cehemise a r\u00e9alis\u00e9 de nombreux ouvrages avec succ\u00e8s dans ce type de constructions.<\/p>\n<p>Nous r\u00e9alisons nos projets dans des stations-services et des installations p\u00e9trolif\u00e8res en passant par la conception, le d\u00e9veloppement et la construction de l&#8217;ouvrage jusqu&#8217;\u00e0 la parfaite maintenance et avec le service support post\u00e9rieur.<\/p>\n<p>Dans ce but, nous offrons une haute technologie et de la qualit\u00e9 dans les travaux de construction comme dans les diff\u00e9rentes installations qui compl\u00e8tent cette activit\u00e9, dans le respect de l&#8217;environnement et en offrant une s\u00e9curit\u00e9 maximale \u00e0 tout moment.<\/p>\n","protected":false},"excerpt":{"rendered":"<p>Cehemise a r\u00e9alis\u00e9 de nombreux ouvrages avec succ\u00e8s dans ce type de constructions. Nous r\u00e9alisons nos projets dans des stations-services et des installations p\u00e9trolif\u00e8res en passant par la conception, le d\u00e9veloppement et la construction de l&#8217;ouvrage jusqu&#8217;\u00e0 la parfaite maintenance et avec le service support post\u00e9rieur. Dans ce but, nous offrons une haute technologie et [&hellip;]<\/p>\n","protected":false},"author":1,"featured_media":0,"parent":0,"menu_order":0,"comment_status":"open","ping_status":"open","template":"page-construcciones-petroliferas.php","meta":{"footnotes":""},"class_list":["post-368","page","type-page","status-publish","hentry"],"aioseo_notices":[],"_links":{"self":[{"href":"https:\/\/www.cehemise.es\/fr\/wp-json\/wp\/v2\/pages\/368","targetHints":{"allow":["GET"]}}],"collection":[{"href":"https:\/\/www.cehemise.es\/fr\/wp-json\/wp\/v2\/pages"}],"about":[{"href":"https:\/\/www.cehemise.es\/fr\/wp-json\/wp\/v2\/types\/page"}],"author":[{"embeddable":true,"href":"https:\/\/www.cehemise.es\/fr\/wp-json\/wp\/v2\/users\/1"}],"replies":[{"embeddable":true,"href":"https:\/\/www.cehemise.es\/fr\/wp-json\/wp\/v2\/comments?post=368"}],"version-history":[{"count":4,"href":"https:\/\/www.cehemise.es\/fr\/wp-json\/wp\/v2\/pages\/368\/revisions"}],"predecessor-version":[{"id":423,"href":"https:\/\/www.cehemise.es\/fr\/wp-json\/wp\/v2\/pages\/368\/revisions\/423"}],"wp:attachment":[{"href":"https:\/\/www.cehemise.es\/fr\/wp-json\/wp\/v2\/media?parent=368"}],"curies":[{"name":"wp","href":"https:\/\/api.w.org\/{rel}","templated":true}]}}