{"id":373,"date":"2013-05-28T15:47:59","date_gmt":"2013-05-28T15:47:59","guid":{"rendered":"https:\/\/www.cehemise.es\/?page_id=373"},"modified":"2013-05-28T15:47:59","modified_gmt":"2013-05-28T15:47:59","slug":"genie-civil","status":"publish","type":"page","link":"https:\/\/www.cehemise.es\/fr\/genie-civil\/","title":{"rendered":"G\u00c9NIE CIVIL"},"content":{"rendered":"<p>Nous disposons d&#8217;une \u00e9quipe humaine compos\u00e9e de nos techniciens sp\u00e9cialis\u00e9s, chefs de travaux, ma\u00e7ons, ouvriers sp\u00e9cialis\u00e9s et employ\u00e9s form\u00e9s \u00e0 l&#8217;utilisation d&#8217;appareils de construction tels que des plateformes \u00e9l\u00e9vatrices, des brouettes, des pelleteuses, etc., et \u00e9galement de machines et de nos propres moyens techniques avanc\u00e9s.<\/p>\n<p>&nbsp;<\/p>\n<p>Plus de vingt ans d&#8217;exp\u00e9rience prouvent le savoir-faire de l&#8217;\u00e9quipe de l&#8217;entreprise dans ce domaine.<\/p>\n<p>&nbsp;<\/p>\n<p>Cehemise a d\u00e9j\u00e0 construit, entre autres, avec un professionnalisme impeccable des ouvrages aussi divers que des pavillons multisports, des complexes sportifs, des hangars logistiques, des grands magasins, des terminaux de chargement, des centres commerciaux, des parcs de machines, des ateliers de r\u00e9parations, des stations-services.<\/p>\n<p>&nbsp;<\/p>\n","protected":false},"excerpt":{"rendered":"<p>Nous disposons d&#8217;une \u00e9quipe humaine compos\u00e9e de nos techniciens sp\u00e9cialis\u00e9s, chefs de travaux, ma\u00e7ons, ouvriers sp\u00e9cialis\u00e9s et employ\u00e9s form\u00e9s \u00e0 l&#8217;utilisation d&#8217;appareils de construction tels que des plateformes \u00e9l\u00e9vatrices, des brouettes, des pelleteuses, etc., et \u00e9galement de machines et de nos propres moyens techniques avanc\u00e9s. &nbsp; Plus de vingt ans d&#8217;exp\u00e9rience prouvent le savoir-faire de [&hellip;]<\/p>\n","protected":false},"author":1,"featured_media":0,"parent":0,"menu_order":0,"comment_status":"open","ping_status":"closed","template":"page-obra-civil.php","meta":{"footnotes":""},"class_list":["post-373","page","type-page","status-publish","hentry"],"aioseo_notices":[],"_links":{"self":[{"href":"https:\/\/www.cehemise.es\/fr\/wp-json\/wp\/v2\/pages\/373","targetHints":{"allow":["GET"]}}],"collection":[{"href":"https:\/\/www.cehemise.es\/fr\/wp-json\/wp\/v2\/pages"}],"about":[{"href":"https:\/\/www.cehemise.es\/fr\/wp-json\/wp\/v2\/types\/page"}],"author":[{"embeddable":true,"href":"https:\/\/www.cehemise.es\/fr\/wp-json\/wp\/v2\/users\/1"}],"replies":[{"embeddable":true,"href":"https:\/\/www.cehemise.es\/fr\/wp-json\/wp\/v2\/comments?post=373"}],"version-history":[{"count":1,"href":"https:\/\/www.cehemise.es\/fr\/wp-json\/wp\/v2\/pages\/373\/revisions"}],"predecessor-version":[{"id":374,"href":"https:\/\/www.cehemise.es\/fr\/wp-json\/wp\/v2\/pages\/373\/revisions\/374"}],"wp:attachment":[{"href":"https:\/\/www.cehemise.es\/fr\/wp-json\/wp\/v2\/media?parent=373"}],"curies":[{"name":"wp","href":"https:\/\/api.w.org\/{rel}","templated":true}]}}