{"id":381,"date":"2013-05-28T15:59:40","date_gmt":"2013-05-28T15:59:40","guid":{"rendered":"https:\/\/www.cehemise.es\/?page_id=381"},"modified":"2013-05-30T10:49:25","modified_gmt":"2013-05-30T10:49:25","slug":"lentreprise","status":"publish","type":"page","link":"https:\/\/www.cehemise.es\/fr\/lentreprise\/","title":{"rendered":"L&#8217;ENTREPRISE"},"content":{"rendered":"<p><b>Cehemise<\/b> est une soci\u00e9t\u00e9 avec une longue trajectoire, <b>notre activit\u00e9 comprend la construction de projets industriels, p\u00e9trolif\u00e8res et de g\u00e9nie civil, d&#8217;achat et de vente, de r\u00e9novation et de nouveaux programmes.<\/b> Nous r\u00e9alisons \u00e9galement la construction, l&#8217;installation et le montage d&#8217;\u00e9quipements d&#8217;\u00e9nergies renouvelables.<\/p>\n<p>&nbsp;<\/p>\n<p>Notre champ d&#8217;activit\u00e9 englobe la <b>conception, l&#8217;ing\u00e9nierie et la construction<\/b>, ce qui permet la remise de b\u00e2timents clef en main. En fonction des caract\u00e9ristiques et de l&#8217;activit\u00e9 \u00e0 d\u00e9velopper dans nos constructions, nous r\u00e9alisons l&#8217;\u00e9dification sur une base de structure m\u00e9tallique ou b\u00e9ton.<\/p>\n<p>&nbsp;<\/p>\n<p>Nous avons des antennes \u00e0 Molina de Segura et Bullas. <b>Nos professionnels cumulent plus de 20 ans d&#8217;exp\u00e9rience dans ce secteur<\/b><\/p>\n<p>&nbsp;<\/p>\n<p>Nous sommes aussi <b>pr\u00e9sents en Alg\u00e9rie<\/b> avec notre succursale\u00a0:<\/p>\n<p><b>Cehemise Alg\u00e9rie.<\/b><\/p>\n<p>&nbsp;<\/p>\n<p><b>Voici quelques-unes de nos valeurs\u00a0:<\/b><\/p>\n<p><b>&#8211; Responsabilit\u00e9 et engagement <\/b><\/p>\n<p><b>&#8211; Flexibilit\u00e9 et rapidit\u00e9 dans la r\u00e9ponse donn\u00e9e <\/b><b>au client<\/b><\/p>\n<p><b>&#8211; Exp\u00e9rience, talent et travail en \u00e9quipe <\/b><\/p>\n<p><b>&#8211; Formation et innovation constantes<\/b><\/p>\n","protected":false},"excerpt":{"rendered":"<p>Cehemise est une soci\u00e9t\u00e9 avec une longue trajectoire, notre activit\u00e9 comprend la construction de projets industriels, p\u00e9trolif\u00e8res et de g\u00e9nie civil, d&#8217;achat et de vente, de r\u00e9novation et de nouveaux programmes. Nous r\u00e9alisons \u00e9galement la construction, l&#8217;installation et le montage d&#8217;\u00e9quipements d&#8217;\u00e9nergies renouvelables. &nbsp; Notre champ d&#8217;activit\u00e9 englobe la conception, l&#8217;ing\u00e9nierie et la construction, ce [&hellip;]<\/p>\n","protected":false},"author":1,"featured_media":0,"parent":0,"menu_order":0,"comment_status":"open","ping_status":"open","template":"page-empresa.php","meta":{"footnotes":""},"class_list":["post-381","page","type-page","status-publish","hentry"],"aioseo_notices":[],"_links":{"self":[{"href":"https:\/\/www.cehemise.es\/fr\/wp-json\/wp\/v2\/pages\/381","targetHints":{"allow":["GET"]}}],"collection":[{"href":"https:\/\/www.cehemise.es\/fr\/wp-json\/wp\/v2\/pages"}],"about":[{"href":"https:\/\/www.cehemise.es\/fr\/wp-json\/wp\/v2\/types\/page"}],"author":[{"embeddable":true,"href":"https:\/\/www.cehemise.es\/fr\/wp-json\/wp\/v2\/users\/1"}],"replies":[{"embeddable":true,"href":"https:\/\/www.cehemise.es\/fr\/wp-json\/wp\/v2\/comments?post=381"}],"version-history":[{"count":3,"href":"https:\/\/www.cehemise.es\/fr\/wp-json\/wp\/v2\/pages\/381\/revisions"}],"predecessor-version":[{"id":421,"href":"https:\/\/www.cehemise.es\/fr\/wp-json\/wp\/v2\/pages\/381\/revisions\/421"}],"wp:attachment":[{"href":"https:\/\/www.cehemise.es\/fr\/wp-json\/wp\/v2\/media?parent=381"}],"curies":[{"name":"wp","href":"https:\/\/api.w.org\/{rel}","templated":true}]}}