{"id":412,"date":"2013-05-30T10:44:48","date_gmt":"2013-05-30T10:44:48","guid":{"rendered":"https:\/\/www.cehemise.es\/?page_id=412"},"modified":"2013-05-30T10:44:48","modified_gmt":"2013-05-30T10:44:48","slug":"projets-realises","status":"publish","type":"page","link":"https:\/\/www.cehemise.es\/fr\/projets-realises\/","title":{"rendered":"PROJETS R\u00c9ALIS\u00c9S"},"content":{"rendered":"<p>Quelques-uns des travaux de nos professionnels ont \u00e9t\u00e9 r\u00e9alis\u00e9s pour\u00a0:<\/p>\n","protected":false},"excerpt":{"rendered":"<p>Quelques-uns des travaux de nos professionnels ont \u00e9t\u00e9 r\u00e9alis\u00e9s pour\u00a0:<\/p>\n","protected":false},"author":1,"featured_media":0,"parent":0,"menu_order":0,"comment_status":"open","ping_status":"open","template":"page-proyectos.php","meta":{"footnotes":""},"class_list":["post-412","page","type-page","status-publish","hentry"],"aioseo_notices":[],"_links":{"self":[{"href":"https:\/\/www.cehemise.es\/fr\/wp-json\/wp\/v2\/pages\/412","targetHints":{"allow":["GET"]}}],"collection":[{"href":"https:\/\/www.cehemise.es\/fr\/wp-json\/wp\/v2\/pages"}],"about":[{"href":"https:\/\/www.cehemise.es\/fr\/wp-json\/wp\/v2\/types\/page"}],"author":[{"embeddable":true,"href":"https:\/\/www.cehemise.es\/fr\/wp-json\/wp\/v2\/users\/1"}],"replies":[{"embeddable":true,"href":"https:\/\/www.cehemise.es\/fr\/wp-json\/wp\/v2\/comments?post=412"}],"version-history":[{"count":1,"href":"https:\/\/www.cehemise.es\/fr\/wp-json\/wp\/v2\/pages\/412\/revisions"}],"predecessor-version":[{"id":413,"href":"https:\/\/www.cehemise.es\/fr\/wp-json\/wp\/v2\/pages\/412\/revisions\/413"}],"wp:attachment":[{"href":"https:\/\/www.cehemise.es\/fr\/wp-json\/wp\/v2\/media?parent=412"}],"curies":[{"name":"wp","href":"https:\/\/api.w.org\/{rel}","templated":true}]}}